{"id":274,"date":"2018-11-08T10:03:01","date_gmt":"2018-11-08T14:03:01","guid":{"rendered":"https:\/\/www.timaniglutenfree.com\/produits\/muffins-aux-pepites-de-chocolat"},"modified":"2018-11-08T10:03:02","modified_gmt":"2018-11-08T14:03:02","slug":"muffins-aux-pepites-de-chocolat","status":"publish","type":"page","link":"https:\/\/www.timaniglutenfree.com\/fr\/produits\/muffins-aux-pepites-de-chocolat","title":{"rendered":"Muffins aux p\u00e9pites de chocolat"},"content":{"rendered":"<p>[vc_row css_animation=\u00a0\u00bb\u00a0\u00bb row_type=\u00a0\u00bbrow\u00a0\u00bb use_row_as_full_screen_section=\u00a0\u00bbno\u00a0\u00bb type=\u00a0\u00bbgrid\u00a0\u00bb angled_section=\u00a0\u00bbno\u00a0\u00bb text_align=\u00a0\u00bbleft\u00a0\u00bb background_image_as_pattern=\u00a0\u00bbwithout_pattern\u00a0\u00bb z_index=\u00a0\u00bb\u00a0\u00bb][vc_column offset=\u00a0\u00bbvc_col-lg-offset-1 vc_col-lg-10 vc_col-md-offset-1 vc_col-md-10 vc_col-sm-offset-0&Prime;][qode_elements_holder number_of_columns=\u00a0\u00bbtwo_columns\u00a0\u00bb][qode_elements_holder_item item_padding=\u00a0\u00bb3%\u00a0\u00bb vertical_alignment=\u00a0\u00bbmiddle\u00a0\u00bb horizontal_alignment=\u00a0\u00bbcenter\u00a0\u00bb advanced_animations=\u00a0\u00bbno\u00a0\u00bb][vc_single_image image=\u00a0\u00bb58&Prime; img_size=\u00a0\u00bb800&#215;800&Prime; alignment=\u00a0\u00bbcenter\u00a0\u00bb qode_css_animation=\u00a0\u00bbelement_from_bottom\u00a0\u00bb transition_delay=\u00a0\u00bb2&Prime;][\/qode_elements_holder_item][qode_elements_holder_item item_padding=\u00a0\u00bb5%\u00a0\u00bb vertical_alignment=\u00a0\u00bbmiddle\u00a0\u00bb advanced_animations=\u00a0\u00bbno\u00a0\u00bb][vc_empty_space height=\u00a0\u00bb30px\u00a0\u00bb][vc_separator type=\u00a0\u00bbnormal\u00a0\u00bb color=\u00a0\u00bb#3d5b58&Prime; thickness=\u00a0\u00bb2&Prime;][vc_column_text]<\/p>\n<h2 class=\"p2\" style=\"text-align: center;\">Muffins aux p\u00e9pites de chocolat<\/h2>\n<p>[\/vc_column_text][vc_separator type=\u00a0\u00bbnormal\u00a0\u00bb color=\u00a0\u00bb#3d5b58&Prime; thickness=\u00a0\u00bb2&Prime;][vc_column_text css=\u00a0\u00bb.vc_custom_1534531495383{padding-top: 3% !important;padding-bottom: 5% !important;}\u00a0\u00bb]<\/p>\n<p class=\"p2\">Irr\u00e9sistibles et sans produits laitiers, ces muffins aux p\u00e9pites de chocolat sans gluten sont un vrai d\u00e9lice!<\/p>\n<p>&nbsp;<\/p>\n<p>[\/vc_column_text][vc_tabs style=\u00a0\u00bbboxed\u00a0\u00bb][vc_tab title=\u00a0\u00bbIngr\u00e9dients\u00a0\u00bb tab_id=\u00a0\u00bb35b6ff13-da2b-5&Prime;][vc_column_text css=\u00a0\u00bb.vc_custom_1534531574104{padding-top: 3% !important;padding-bottom: 3% !important;}\u00a0\u00bb]<\/p>\n<p class=\"p2\"><strong>Ingr\u00e9dients:<\/strong> Sucre, Oeuf entier liquide, M\u00e9lange \u00e0 muffin (m\u00e9lange d&rsquo;amidon [f\u00e9cule de tapioca, amidon de ma\u00efs, farine de riz brun, farine de pois chiches, f\u00e9cule de pomme de terre], poudre \u00e0 p\u00e2te, Sucres (sucre, dextrose), poudre de blanc d&rsquo;oeuf, amidon de ma\u00efs modifi\u00e9, fibres d\u2019agrume, sel, l\u00e9cithine de tournesol, ar\u00f4me, gomme de cellulose, gomme xanthane, enzyme), Eau, Huile de canola, Farine de riz, Brisures de chocolat (sucre, chocolat non sucr\u00e9, beurre de cacao).<\/p>\n<p class=\"p2\"><strong>Contient:<\/strong> Oeuf<\/p>\n<p>[\/vc_column_text][\/vc_tab][vc_tab title=\u00a0\u00bbValeur nutritive\u00a0\u00bb tab_id=\u00a0\u00bb7347740e-0702-4&Prime;][vc_single_image image=\u00a0\u00bb153&Prime; img_size=\u00a0\u00bbmedium\u00a0\u00bb alignment=\u00a0\u00bbcenter\u00a0\u00bb onclick=\u00a0\u00bblink_image\u00a0\u00bb qode_css_animation=\u00a0\u00bb\u00a0\u00bb qode_hover_animation=\u00a0\u00bbzoom_in\u00a0\u00bb][\/vc_tab][\/vc_tabs][vc_separator type=\u00a0\u00bbnormal\u00a0\u00bb color=\u00a0\u00bb#3d5b58&Prime; thickness=\u00a0\u00bb2&Prime; up=\u00a0\u00bb20px\u00a0\u00bb][\/qode_elements_holder_item][\/qode_elements_holder][\/vc_column][\/vc_row]<\/p>\n","protected":false},"excerpt":{"rendered":"<p>[vc_row css_animation=\u00a0\u00bb\u00a0\u00bb row_type=\u00a0\u00bbrow\u00a0\u00bb use_row_as_full_screen_section=\u00a0\u00bbno\u00a0\u00bb type=\u00a0\u00bbgrid\u00a0\u00bb angled_section=\u00a0\u00bbno\u00a0\u00bb text_align=\u00a0\u00bbleft\u00a0\u00bb background_image_as_pattern=\u00a0\u00bbwithout_pattern\u00a0\u00bb z_index=\u00a0\u00bb\u00a0\u00bb][vc_column offset=\u00a0\u00bbvc_col-lg-offset-1 vc_col-lg-10 vc_col-md-offset-1 vc_col-md-10 vc_col-sm-offset-0&Prime;][qode_elements_holder number_of_columns=\u00a0\u00bbtwo_columns\u00a0\u00bb][qode_elements_holder_item item_padding=\u00a0\u00bb3%\u00a0\u00bb vertical_alignment=\u00a0\u00bbmiddle\u00a0\u00bb horizontal_alignment=\u00a0\u00bbcenter\u00a0\u00bb advanced_animations=\u00a0\u00bbno\u00a0\u00bb][vc_single_image image=\u00a0\u00bb58&Prime; img_size=\u00a0\u00bb800&#215;800&Prime; alignment=\u00a0\u00bbcenter\u00a0\u00bb qode_css_animation=\u00a0\u00bbelement_from_bottom\u00a0\u00bb transition_delay=\u00a0\u00bb2&Prime;][\/qode_elements_holder_item][qode_elements_holder_item item_padding=\u00a0\u00bb5%\u00a0\u00bb vertical_alignment=\u00a0\u00bbmiddle\u00a0\u00bb advanced_animations=\u00a0\u00bbno\u00a0\u00bb][vc_empty_space height=\u00a0\u00bb30px\u00a0\u00bb][vc_separator type=\u00a0\u00bbnormal\u00a0\u00bb color=\u00a0\u00bb#3d5b58&Prime; thickness=\u00a0\u00bb2&Prime;][vc_column_text] Muffins aux p\u00e9pites de chocolat [\/vc_column_text][vc_separator type=\u00a0\u00bbnormal\u00a0\u00bb color=\u00a0\u00bb#3d5b58&Prime; thickness=\u00a0\u00bb2&Prime;][vc_column_text css=\u00a0\u00bb.vc_custom_1534531495383{padding-top: 3% !important;padding-bottom: 5% !important;}\u00a0\u00bb]&#8230;<\/p>\n","protected":false},"author":3,"featured_media":0,"parent":240,"menu_order":8,"comment_status":"closed","ping_status":"closed","template":"full_width.php","meta":{"footnotes":""},"class_list":["post-274","page","type-page","status-publish","hentry"],"_links":{"self":[{"href":"https:\/\/www.timaniglutenfree.com\/fr\/wp-json\/wp\/v2\/pages\/274","targetHints":{"allow":["GET"]}}],"collection":[{"href":"https:\/\/www.timaniglutenfree.com\/fr\/wp-json\/wp\/v2\/pages"}],"about":[{"href":"https:\/\/www.timaniglutenfree.com\/fr\/wp-json\/wp\/v2\/types\/page"}],"author":[{"embeddable":true,"href":"https:\/\/www.timaniglutenfree.com\/fr\/wp-json\/wp\/v2\/users\/3"}],"replies":[{"embeddable":true,"href":"https:\/\/www.timaniglutenfree.com\/fr\/wp-json\/wp\/v2\/comments?post=274"}],"version-history":[{"count":0,"href":"https:\/\/www.timaniglutenfree.com\/fr\/wp-json\/wp\/v2\/pages\/274\/revisions"}],"up":[{"embeddable":true,"href":"https:\/\/www.timaniglutenfree.com\/fr\/wp-json\/wp\/v2\/pages\/240"}],"wp:attachment":[{"href":"https:\/\/www.timaniglutenfree.com\/fr\/wp-json\/wp\/v2\/media?parent=274"}],"curies":[{"name":"wp","href":"https:\/\/api.w.org\/{rel}","templated":true}]}}