{"id":272,"date":"2018-11-08T10:00:30","date_gmt":"2018-11-08T14:00:30","guid":{"rendered":"https:\/\/www.timaniglutenfree.com\/produits\/pain-aux-bananes"},"modified":"2019-03-27T14:42:52","modified_gmt":"2019-03-27T17:42:52","slug":"pain-aux-bananes","status":"publish","type":"page","link":"https:\/\/www.timaniglutenfree.com\/fr\/produits\/pain-aux-bananes","title":{"rendered":"Pain aux bananes"},"content":{"rendered":"<p>[vc_row css_animation=\u00a0\u00bb\u00a0\u00bb row_type=\u00a0\u00bbrow\u00a0\u00bb use_row_as_full_screen_section=\u00a0\u00bbno\u00a0\u00bb type=\u00a0\u00bbgrid\u00a0\u00bb angled_section=\u00a0\u00bbno\u00a0\u00bb text_align=\u00a0\u00bbleft\u00a0\u00bb background_image_as_pattern=\u00a0\u00bbwithout_pattern\u00a0\u00bb z_index=\u00a0\u00bb\u00a0\u00bb][vc_column offset=\u00a0\u00bbvc_col-lg-offset-1 vc_col-lg-10 vc_col-md-offset-1 vc_col-md-10 vc_col-sm-offset-0&Prime;][qode_elements_holder number_of_columns=\u00a0\u00bbtwo_columns\u00a0\u00bb][qode_elements_holder_item item_padding=\u00a0\u00bb3%\u00a0\u00bb vertical_alignment=\u00a0\u00bbmiddle\u00a0\u00bb horizontal_alignment=\u00a0\u00bbcenter\u00a0\u00bb advanced_animations=\u00a0\u00bbno\u00a0\u00bb][vc_single_image image=\u00a0\u00bb55&Prime; img_size=\u00a0\u00bb800&#215;800&Prime; alignment=\u00a0\u00bbcenter\u00a0\u00bb qode_css_animation=\u00a0\u00bbelement_from_bottom\u00a0\u00bb transition_delay=\u00a0\u00bb2&Prime;][\/qode_elements_holder_item][qode_elements_holder_item item_padding=\u00a0\u00bb5%\u00a0\u00bb vertical_alignment=\u00a0\u00bbmiddle\u00a0\u00bb advanced_animations=\u00a0\u00bbno\u00a0\u00bb][vc_empty_space height=\u00a0\u00bb30px\u00a0\u00bb][vc_separator type=\u00a0\u00bbnormal\u00a0\u00bb color=\u00a0\u00bb#3d5b58&Prime; thickness=\u00a0\u00bb2&Prime;][vc_column_text]<\/p>\n<h2 class=\"p2\" style=\"text-align: center;\">Pain aux bananes<\/h2>\n<p>&nbsp;<\/p>\n<p>[\/vc_column_text][vc_separator type=\u00a0\u00bbnormal\u00a0\u00bb color=\u00a0\u00bb#3d5b58&Prime; thickness=\u00a0\u00bb2&Prime;][vc_column_text css=\u00a0\u00bb.vc_custom_1534530426958{padding-top: 3% !important;padding-bottom: 5% !important;}\u00a0\u00bb]<\/p>\n<p class=\"p2\"><span style=\"font-weight: 400;\">Voici un grand classique fa\u00e7on sans gluten avec de vraies bananes, qui est destin\u00e9 \u00e0 faire partie de votre \u00e9picerie hebdomadaire! <\/span><\/p>\n<p>&nbsp;<\/p>\n<p>[\/vc_column_text][vc_tabs style=\u00a0\u00bbboxed\u00a0\u00bb][vc_tab title=\u00a0\u00bbIngr\u00e9dients\u00a0\u00bb tab_id=\u00a0\u00bb35b6ff13-da2b-5&Prime;][vc_column_text css=\u00a0\u00bb.vc_custom_1534530439765{padding-top: 3% !important;padding-bottom: 3% !important;}\u00a0\u00bb]<\/p>\n<p class=\"p2\"><strong>Ingr\u00e9dients:<\/strong> Pur\u00e9e de banane, Sucres (sucre, m\u00e9lasse), Oeuf entier liquide, M\u00e9lange \u00e0 pain (m\u00e9lange d&rsquo;amidon [f\u00e9cule de tapioca, amidon de ma\u00efs, farine de riz brun, farine de pois chiches, f\u00e9cule de pomme de terre], poudre \u00e0 p\u00e2te, Sucres (sucre, dextrose), poudre de blanc d\u2019oeuf, amidon de ma\u00efs modifi\u00e9, fibres d&rsquo;agrume, sel, l\u00e9cithine de tournesol, ar\u00f4me, gomme xanthane, enzyme), Huile de canola, Farine de riz, Ar\u00f4me, Bicarbonate de sodium.<\/p>\n<p class=\"p2\"><strong>Contient:<\/strong> Oeuf<\/p>\n<p>[\/vc_column_text][\/vc_tab][vc_tab title=\u00a0\u00bbValeur nutritive\u00a0\u00bb tab_id=\u00a0\u00bb7347740e-0702-4&Prime;][vc_single_image image=\u00a0\u00bb147&Prime; img_size=\u00a0\u00bbmedium\u00a0\u00bb alignment=\u00a0\u00bbcenter\u00a0\u00bb onclick=\u00a0\u00bblink_image\u00a0\u00bb qode_css_animation=\u00a0\u00bb\u00a0\u00bb qode_hover_animation=\u00a0\u00bbzoom_in\u00a0\u00bb][\/vc_tab][\/vc_tabs][vc_separator type=\u00a0\u00bbnormal\u00a0\u00bb color=\u00a0\u00bb#3d5b58&Prime; thickness=\u00a0\u00bb2&Prime; up=\u00a0\u00bb20px\u00a0\u00bb][\/qode_elements_holder_item][\/qode_elements_holder][\/vc_column][\/vc_row]<\/p>\n","protected":false},"excerpt":{"rendered":"<p>[vc_row css_animation=\u00a0\u00bb\u00a0\u00bb row_type=\u00a0\u00bbrow\u00a0\u00bb use_row_as_full_screen_section=\u00a0\u00bbno\u00a0\u00bb type=\u00a0\u00bbgrid\u00a0\u00bb angled_section=\u00a0\u00bbno\u00a0\u00bb text_align=\u00a0\u00bbleft\u00a0\u00bb background_image_as_pattern=\u00a0\u00bbwithout_pattern\u00a0\u00bb z_index=\u00a0\u00bb\u00a0\u00bb][vc_column offset=\u00a0\u00bbvc_col-lg-offset-1 vc_col-lg-10 vc_col-md-offset-1 vc_col-md-10 vc_col-sm-offset-0&Prime;][qode_elements_holder number_of_columns=\u00a0\u00bbtwo_columns\u00a0\u00bb][qode_elements_holder_item item_padding=\u00a0\u00bb3%\u00a0\u00bb vertical_alignment=\u00a0\u00bbmiddle\u00a0\u00bb horizontal_alignment=\u00a0\u00bbcenter\u00a0\u00bb advanced_animations=\u00a0\u00bbno\u00a0\u00bb][vc_single_image image=\u00a0\u00bb55&Prime; img_size=\u00a0\u00bb800&#215;800&Prime; alignment=\u00a0\u00bbcenter\u00a0\u00bb qode_css_animation=\u00a0\u00bbelement_from_bottom\u00a0\u00bb transition_delay=\u00a0\u00bb2&Prime;][\/qode_elements_holder_item][qode_elements_holder_item item_padding=\u00a0\u00bb5%\u00a0\u00bb vertical_alignment=\u00a0\u00bbmiddle\u00a0\u00bb advanced_animations=\u00a0\u00bbno\u00a0\u00bb][vc_empty_space height=\u00a0\u00bb30px\u00a0\u00bb][vc_separator type=\u00a0\u00bbnormal\u00a0\u00bb color=\u00a0\u00bb#3d5b58&Prime; thickness=\u00a0\u00bb2&Prime;][vc_column_text] Pain aux bananes &nbsp; [\/vc_column_text][vc_separator type=\u00a0\u00bbnormal\u00a0\u00bb color=\u00a0\u00bb#3d5b58&Prime; thickness=\u00a0\u00bb2&Prime;][vc_column_text css=\u00a0\u00bb.vc_custom_1534530426958{padding-top: 3% !important;padding-bottom: 5% !important;}\u00a0\u00bb] Voici&#8230;<\/p>\n","protected":false},"author":3,"featured_media":0,"parent":240,"menu_order":6,"comment_status":"closed","ping_status":"closed","template":"full_width.php","meta":{"footnotes":""},"class_list":["post-272","page","type-page","status-publish","hentry"],"_links":{"self":[{"href":"https:\/\/www.timaniglutenfree.com\/fr\/wp-json\/wp\/v2\/pages\/272","targetHints":{"allow":["GET"]}}],"collection":[{"href":"https:\/\/www.timaniglutenfree.com\/fr\/wp-json\/wp\/v2\/pages"}],"about":[{"href":"https:\/\/www.timaniglutenfree.com\/fr\/wp-json\/wp\/v2\/types\/page"}],"author":[{"embeddable":true,"href":"https:\/\/www.timaniglutenfree.com\/fr\/wp-json\/wp\/v2\/users\/3"}],"replies":[{"embeddable":true,"href":"https:\/\/www.timaniglutenfree.com\/fr\/wp-json\/wp\/v2\/comments?post=272"}],"version-history":[{"count":0,"href":"https:\/\/www.timaniglutenfree.com\/fr\/wp-json\/wp\/v2\/pages\/272\/revisions"}],"up":[{"embeddable":true,"href":"https:\/\/www.timaniglutenfree.com\/fr\/wp-json\/wp\/v2\/pages\/240"}],"wp:attachment":[{"href":"https:\/\/www.timaniglutenfree.com\/fr\/wp-json\/wp\/v2\/media?parent=272"}],"curies":[{"name":"wp","href":"https:\/\/api.w.org\/{rel}","templated":true}]}}