{"id":240,"date":"2018-11-08T09:24:23","date_gmt":"2018-11-08T13:24:23","guid":{"rendered":"https:\/\/www.timaniglutenfree.com\/produits"},"modified":"2018-11-09T02:16:08","modified_gmt":"2018-11-09T06:16:08","slug":"produits","status":"publish","type":"page","link":"https:\/\/www.timaniglutenfree.com\/fr\/produits","title":{"rendered":"Produits"},"content":{"rendered":"<p>[vc_row css_animation=\u00a0\u00bb\u00a0\u00bb row_type=\u00a0\u00bbrow\u00a0\u00bb use_row_as_full_screen_section=\u00a0\u00bbno\u00a0\u00bb type=\u00a0\u00bbgrid\u00a0\u00bb angled_section=\u00a0\u00bbno\u00a0\u00bb text_align=\u00a0\u00bbleft\u00a0\u00bb background_image_as_pattern=\u00a0\u00bbwithout_pattern\u00a0\u00bb z_index=\u00a0\u00bb\u00a0\u00bb][vc_column offset=\u00a0\u00bbvc_col-lg-offset-2 vc_col-lg-8 vc_col-md-offset-2 vc_col-md-8 vc_col-sm-offset-0 vc_col-xs-offset-1 vc_col-xs-10&Prime; css=\u00a0\u00bb.vc_custom_1532977065094{padding-top: 3% !important;padding-bottom: 3% !important;}\u00a0\u00bb][vc_single_image image=\u00a0\u00bb64&Prime; img_size=\u00a0\u00bb100&#215;100&Prime; alignment=\u00a0\u00bbcenter\u00a0\u00bb qode_css_animation=\u00a0\u00bb\u00a0\u00bb][vc_column_text css=\u00a0\u00bb.vc_custom_1533832310960{padding-right: 5% !important;padding-left: 5% !important;}\u00a0\u00bb]<\/p>\n<p style=\"text-align: center;\">Nos produits sont fabriqu\u00e9s avec des ingr\u00e9dients de la plus grande qualit\u00e9 pour offrir toute la saveur que vous recherchez, le gluten en moins!<\/p>\n<p style=\"text-align: center;\">Nous prenons \u00e0 c\u0153ur de fabriquer des produits sans gluten de la plus haute qualit\u00e9. C\u2019est pourquoi nous avons pass\u00e9 des ann\u00e9es \u00e0 \u00e9laborer des recettes sans gluten pleines de saveurs que vous adorerez. Vous ne serez pas d\u00e9\u00e7u par le go\u00fbt, la texture et la qualit\u00e9 de nos miches de pain, petits pains et autres produits de boulangerie.<\/p>\n<p>[\/vc_column_text][\/vc_column][\/vc_row][vc_row css_animation=\u00a0\u00bb\u00a0\u00bb row_type=\u00a0\u00bbrow\u00a0\u00bb use_row_as_full_screen_section=\u00a0\u00bbno\u00a0\u00bb type=\u00a0\u00bbgrid\u00a0\u00bb angled_section=\u00a0\u00bbno\u00a0\u00bb text_align=\u00a0\u00bbleft\u00a0\u00bb background_image_as_pattern=\u00a0\u00bbwithout_pattern\u00a0\u00bb z_index=\u00a0\u00bb\u00a0\u00bb][vc_column offset=\u00a0\u00bbvc_col-lg-offset-1 vc_col-lg-10 vc_col-md-offset-1 vc_col-md-10 vc_col-sm-offset-0 vc_col-xs-offset-1 vc_col-xs-10&Prime;][qode_elements_holder number_of_columns=\u00a0\u00bbthree_columns\u00a0\u00bb][qode_elements_holder_item item_padding=\u00a0\u00bb3%\u00a0\u00bb vertical_alignment=\u00a0\u00bbmiddle\u00a0\u00bb horizontal_alignment=\u00a0\u00bbcenter\u00a0\u00bb advanced_animations=\u00a0\u00bbno\u00a0\u00bb][vc_single_image image=\u00a0\u00bb62&Prime; img_size=\u00a0\u00bbfull\u00a0\u00bb alignment=\u00a0\u00bbcenter\u00a0\u00bb onclick=\u00a0\u00bbcustom_link\u00a0\u00bb qode_css_animation=\u00a0\u00bb\u00a0\u00bb qode_hover_animation=\u00a0\u00bbzoom_in\u00a0\u00bb link=\u00a0\u00bb\/fr\/produits\/pain-multigrain\u00a0\u00bb][vc_separator type=\u00a0\u00bbnormal\u00a0\u00bb color=\u00a0\u00bb#3d5b58&Prime; thickness=\u00a0\u00bb2&Prime;][vc_column_text]<\/p>\n<h3 class=\"p2\" style=\"text-align: center;\"><a href=\"\/fr\/produits\/pain-multigrain\">Pain Multigrain<\/a><\/h3>\n<p>[\/vc_column_text][vc_separator type=\u00a0\u00bbnormal\u00a0\u00bb color=\u00a0\u00bb#3d5b58&Prime; thickness=\u00a0\u00bb2&Prime;][\/qode_elements_holder_item][qode_elements_holder_item item_padding=\u00a0\u00bb3%\u00a0\u00bb vertical_alignment=\u00a0\u00bbmiddle\u00a0\u00bb horizontal_alignment=\u00a0\u00bbcenter\u00a0\u00bb advanced_animations=\u00a0\u00bbno\u00a0\u00bb][vc_single_image image=\u00a0\u00bb63&Prime; img_size=\u00a0\u00bbfull\u00a0\u00bb alignment=\u00a0\u00bbcenter\u00a0\u00bb onclick=\u00a0\u00bbcustom_link\u00a0\u00bb qode_css_animation=\u00a0\u00bb\u00a0\u00bb qode_hover_animation=\u00a0\u00bbzoom_in\u00a0\u00bb link=\u00a0\u00bb\/fr\/produits\/pain-blanc\u00a0\u00bb][vc_separator type=\u00a0\u00bbnormal\u00a0\u00bb color=\u00a0\u00bb#3d5b58&Prime; thickness=\u00a0\u00bb2&Prime;][vc_column_text]<\/p>\n<h3 class=\"p2\" style=\"text-align: center;\"><a href=\"\/fr\/produits\/pain-blanc\">Pain blanc <\/a><\/h3>\n<p>[\/vc_column_text][vc_separator type=\u00a0\u00bbnormal\u00a0\u00bb color=\u00a0\u00bb#3d5b58&Prime; thickness=\u00a0\u00bb2&Prime;][\/qode_elements_holder_item][qode_elements_holder_item item_padding=\u00a0\u00bb3%\u00a0\u00bb vertical_alignment=\u00a0\u00bbmiddle\u00a0\u00bb horizontal_alignment=\u00a0\u00bbcenter\u00a0\u00bb advanced_animations=\u00a0\u00bbno\u00a0\u00bb][vc_single_image image=\u00a0\u00bb59&Prime; img_size=\u00a0\u00bbfull\u00a0\u00bb alignment=\u00a0\u00bbcenter\u00a0\u00bb onclick=\u00a0\u00bbcustom_link\u00a0\u00bb qode_css_animation=\u00a0\u00bb\u00a0\u00bb qode_hover_animation=\u00a0\u00bbzoom_in\u00a0\u00bb link=\u00a0\u00bb\/fr\/produits\/petits-pains-a-hamburger\u00a0\u00bb][vc_separator type=\u00a0\u00bbnormal\u00a0\u00bb color=\u00a0\u00bb#3d5b58&Prime; thickness=\u00a0\u00bb2&Prime;][vc_column_text]<\/p>\n<h3 class=\"p2\" style=\"text-align: center;\"><a href=\"\/fr\/produits\/petits-pains-a-hamburger\">Petits pains \u00e0 hamburger<\/a><\/h3>\n<p>[\/vc_column_text][vc_separator type=\u00a0\u00bbnormal\u00a0\u00bb color=\u00a0\u00bb#3d5b58&Prime; thickness=\u00a0\u00bb2&Prime;][\/qode_elements_holder_item][\/qode_elements_holder][\/vc_column][\/vc_row][vc_row css_animation=\u00a0\u00bb\u00a0\u00bb row_type=\u00a0\u00bbrow\u00a0\u00bb use_row_as_full_screen_section=\u00a0\u00bbno\u00a0\u00bb type=\u00a0\u00bbgrid\u00a0\u00bb angled_section=\u00a0\u00bbno\u00a0\u00bb text_align=\u00a0\u00bbleft\u00a0\u00bb background_image_as_pattern=\u00a0\u00bbwithout_pattern\u00a0\u00bb z_index=\u00a0\u00bb\u00a0\u00bb][vc_column offset=\u00a0\u00bbvc_col-lg-offset-1 vc_col-lg-10 vc_col-md-offset-1 vc_col-md-10 vc_col-sm-offset-0 vc_col-xs-offset-1 vc_col-xs-10&Prime;][qode_elements_holder number_of_columns=\u00a0\u00bbthree_columns\u00a0\u00bb][qode_elements_holder_item item_padding=\u00a0\u00bb3%\u00a0\u00bb vertical_alignment=\u00a0\u00bbmiddle\u00a0\u00bb horizontal_alignment=\u00a0\u00bbcenter\u00a0\u00bb advanced_animations=\u00a0\u00bbno\u00a0\u00bb][vc_single_image image=\u00a0\u00bb60&Prime; img_size=\u00a0\u00bbfull\u00a0\u00bb alignment=\u00a0\u00bbcenter\u00a0\u00bb onclick=\u00a0\u00bbcustom_link\u00a0\u00bb qode_css_animation=\u00a0\u00bb\u00a0\u00bb qode_hover_animation=\u00a0\u00bbzoom_in\u00a0\u00bb link=\u00a0\u00bb\/fr\/produits\/petits-pains-a-hot-dogs\u00a0\u00bb][vc_separator type=\u00a0\u00bbnormal\u00a0\u00bb color=\u00a0\u00bb#3d5b58&Prime; thickness=\u00a0\u00bb2&Prime;][vc_column_text]<\/p>\n<h3 class=\"p2\" style=\"text-align: center;\"><a href=\"\/fr\/produits\/petits-pains-a-hot-dogs\">Petits pains \u00e0 hot-dogs <\/a><\/h3>\n<p>[\/vc_column_text][vc_separator type=\u00a0\u00bbnormal\u00a0\u00bb color=\u00a0\u00bb#3d5b58&Prime; thickness=\u00a0\u00bb2&Prime;][\/qode_elements_holder_item][qode_elements_holder_item item_padding=\u00a0\u00bb3%\u00a0\u00bb vertical_alignment=\u00a0\u00bbmiddle\u00a0\u00bb horizontal_alignment=\u00a0\u00bbcenter\u00a0\u00bb advanced_animations=\u00a0\u00bbno\u00a0\u00bb][vc_single_image image=\u00a0\u00bb56&Prime; img_size=\u00a0\u00bbfull\u00a0\u00bb alignment=\u00a0\u00bbcenter\u00a0\u00bb onclick=\u00a0\u00bbcustom_link\u00a0\u00bb qode_css_animation=\u00a0\u00bb\u00a0\u00bb qode_hover_animation=\u00a0\u00bbzoom_in\u00a0\u00bb link=\u00a0\u00bb\/fr\/produits\/muffins-bleuets-framboises\u00a0\u00bb][vc_separator type=\u00a0\u00bbnormal\u00a0\u00bb color=\u00a0\u00bb#3d5b58&Prime; thickness=\u00a0\u00bb2&Prime;][vc_column_text]<\/p>\n<h3 class=\"p2\" style=\"text-align: center;\"><a href=\"\/fr\/produits\/muffins-bleuets-framboises\">Muffins bleuets-framboises<\/a><\/h3>\n<p>[\/vc_column_text][vc_separator type=\u00a0\u00bbnormal\u00a0\u00bb color=\u00a0\u00bb#3d5b58&Prime; thickness=\u00a0\u00bb2&Prime;][\/qode_elements_holder_item][qode_elements_holder_item item_padding=\u00a0\u00bb3%\u00a0\u00bb vertical_alignment=\u00a0\u00bbmiddle\u00a0\u00bb horizontal_alignment=\u00a0\u00bbcenter\u00a0\u00bb advanced_animations=\u00a0\u00bbno\u00a0\u00bb][vc_single_image image=\u00a0\u00bb55&Prime; img_size=\u00a0\u00bbfull\u00a0\u00bb alignment=\u00a0\u00bbcenter\u00a0\u00bb onclick=\u00a0\u00bbcustom_link\u00a0\u00bb qode_css_animation=\u00a0\u00bb\u00a0\u00bb qode_hover_animation=\u00a0\u00bbzoom_in\u00a0\u00bb link=\u00a0\u00bb\/fr\/produits\/pain-aux-bananes\u00a0\u00bb][vc_separator type=\u00a0\u00bbnormal\u00a0\u00bb color=\u00a0\u00bb#3d5b58&Prime; thickness=\u00a0\u00bb2&Prime;][vc_column_text]<\/p>\n<h3 class=\"p2\" style=\"text-align: center;\"><a href=\"\/fr\/produits\/pain-aux-bananes\">Pain aux bananes<\/a><\/h3>\n<p>[\/vc_column_text][vc_separator type=\u00a0\u00bbnormal\u00a0\u00bb color=\u00a0\u00bb#3d5b58&Prime; thickness=\u00a0\u00bb2&Prime;][\/qode_elements_holder_item][\/qode_elements_holder][\/vc_column][\/vc_row][vc_row css_animation=\u00a0\u00bb\u00a0\u00bb row_type=\u00a0\u00bbrow\u00a0\u00bb use_row_as_full_screen_section=\u00a0\u00bbno\u00a0\u00bb type=\u00a0\u00bbgrid\u00a0\u00bb angled_section=\u00a0\u00bbno\u00a0\u00bb text_align=\u00a0\u00bbleft\u00a0\u00bb background_image_as_pattern=\u00a0\u00bbwithout_pattern\u00a0\u00bb z_index=\u00a0\u00bb\u00a0\u00bb css=\u00a0\u00bb.vc_custom_1528834193713{padding-bottom: 5% !important;}\u00a0\u00bb][vc_column offset=\u00a0\u00bbvc_col-lg-offset-1 vc_col-lg-10 vc_col-md-offset-1 vc_col-md-10 vc_col-sm-offset-0 vc_col-xs-offset-1 vc_col-xs-10&Prime;][qode_elements_holder number_of_columns=\u00a0\u00bbthree_columns\u00a0\u00bb][qode_elements_holder_item item_padding=\u00a0\u00bb3%\u00a0\u00bb vertical_alignment=\u00a0\u00bbmiddle\u00a0\u00bb horizontal_alignment=\u00a0\u00bbcenter\u00a0\u00bb advanced_animations=\u00a0\u00bbno\u00a0\u00bb][vc_single_image image=\u00a0\u00bb61&Prime; img_size=\u00a0\u00bbfull\u00a0\u00bb alignment=\u00a0\u00bbcenter\u00a0\u00bb onclick=\u00a0\u00bbcustom_link\u00a0\u00bb qode_css_animation=\u00a0\u00bb\u00a0\u00bb qode_hover_animation=\u00a0\u00bbzoom_in\u00a0\u00bb link=\u00a0\u00bb\/fr\/produits\/lemon-poppy-seed-cake\u00a0\u00bb][vc_separator type=\u00a0\u00bbnormal\u00a0\u00bb color=\u00a0\u00bb#3d5b58&Prime; thickness=\u00a0\u00bb2&Prime;][vc_column_text]<\/p>\n<h3 class=\"p2\" style=\"text-align: center;\"><a href=\"\/fr\/produits\/lemon-poppy-seed-cake\">G\u00e2teau au citron et aux graines de pavot<\/a><\/h3>\n<p>[\/vc_column_text][vc_separator type=\u00a0\u00bbnormal\u00a0\u00bb color=\u00a0\u00bb#3d5b58&Prime; thickness=\u00a0\u00bb2&Prime;][\/qode_elements_holder_item][qode_elements_holder_item item_padding=\u00a0\u00bb3%\u00a0\u00bb vertical_alignment=\u00a0\u00bbmiddle\u00a0\u00bb horizontal_alignment=\u00a0\u00bbcenter\u00a0\u00bb advanced_animations=\u00a0\u00bbno\u00a0\u00bb][vc_single_image image=\u00a0\u00bb58&Prime; img_size=\u00a0\u00bbfull\u00a0\u00bb alignment=\u00a0\u00bbcenter\u00a0\u00bb onclick=\u00a0\u00bbcustom_link\u00a0\u00bb qode_css_animation=\u00a0\u00bb\u00a0\u00bb qode_hover_animation=\u00a0\u00bbzoom_in\u00a0\u00bb link=\u00a0\u00bb\/fr\/produits\/muffins-aux-pepites-de-chocolat\u00a0\u00bb][vc_separator type=\u00a0\u00bbnormal\u00a0\u00bb color=\u00a0\u00bb#3d5b58&Prime; thickness=\u00a0\u00bb2&Prime;][vc_column_text]<\/p>\n<h3 class=\"p2\" style=\"text-align: center;\"><a href=\"\/fr\/produits\/muffins-aux-pepites-de-chocolat\">Muffins aux p\u00e9pites de chocolat<\/a><\/h3>\n<p>[\/vc_column_text][vc_separator type=\u00a0\u00bbnormal\u00a0\u00bb color=\u00a0\u00bb#3d5b58&Prime; thickness=\u00a0\u00bb2&Prime;][\/qode_elements_holder_item][qode_elements_holder_item item_padding=\u00a0\u00bb3%\u00a0\u00bb vertical_alignment=\u00a0\u00bbmiddle\u00a0\u00bb horizontal_alignment=\u00a0\u00bbcenter\u00a0\u00bb advanced_animations=\u00a0\u00bbno\u00a0\u00bb][vc_single_image image=\u00a0\u00bb57&Prime; img_size=\u00a0\u00bbfull\u00a0\u00bb alignment=\u00a0\u00bbcenter\u00a0\u00bb onclick=\u00a0\u00bbcustom_link\u00a0\u00bb qode_css_animation=\u00a0\u00bb\u00a0\u00bb qode_hover_animation=\u00a0\u00bbzoom_in\u00a0\u00bb link=\u00a0\u00bb\/fr\/produits\/biscuits-aux-pepites-de-chocolat\u00a0\u00bb][vc_separator type=\u00a0\u00bbnormal\u00a0\u00bb color=\u00a0\u00bb#3d5b58&Prime; thickness=\u00a0\u00bb2&Prime;][vc_column_text]<\/p>\n<h3 class=\"p2\" style=\"text-align: center;\"><a href=\"\/fr\/produits\/biscuits-aux-pepites-de-chocolat\">Biscuits aux p\u00e9pites de chocolat<\/a><\/h3>\n<p>[\/vc_column_text][vc_separator type=\u00a0\u00bbnormal\u00a0\u00bb color=\u00a0\u00bb#3d5b58&Prime; thickness=\u00a0\u00bb2&Prime;][\/qode_elements_holder_item][\/qode_elements_holder][\/vc_column][\/vc_row]<\/p>\n","protected":false},"excerpt":{"rendered":"<p>[vc_row css_animation=\u00a0\u00bb\u00a0\u00bb row_type=\u00a0\u00bbrow\u00a0\u00bb use_row_as_full_screen_section=\u00a0\u00bbno\u00a0\u00bb type=\u00a0\u00bbgrid\u00a0\u00bb angled_section=\u00a0\u00bbno\u00a0\u00bb text_align=\u00a0\u00bbleft\u00a0\u00bb background_image_as_pattern=\u00a0\u00bbwithout_pattern\u00a0\u00bb z_index=\u00a0\u00bb\u00a0\u00bb][vc_column offset=\u00a0\u00bbvc_col-lg-offset-2 vc_col-lg-8 vc_col-md-offset-2 vc_col-md-8 vc_col-sm-offset-0 vc_col-xs-offset-1 vc_col-xs-10&Prime; css=\u00a0\u00bb.vc_custom_1532977065094{padding-top: 3% !important;padding-bottom: 3% !important;}\u00a0\u00bb][vc_single_image image=\u00a0\u00bb64&Prime; img_size=\u00a0\u00bb100&#215;100&Prime; alignment=\u00a0\u00bbcenter\u00a0\u00bb qode_css_animation=\u00a0\u00bb\u00a0\u00bb][vc_column_text css=\u00a0\u00bb.vc_custom_1533832310960{padding-right: 5% !important;padding-left: 5% !important;}\u00a0\u00bb] Nos produits sont fabriqu\u00e9s avec des ingr\u00e9dients de la plus grande qualit\u00e9 pour offrir toute&#8230;<\/p>\n","protected":false},"author":3,"featured_media":0,"parent":0,"menu_order":0,"comment_status":"closed","ping_status":"closed","template":"full_width.php","meta":{"footnotes":""},"class_list":["post-240","page","type-page","status-publish","hentry"],"_links":{"self":[{"href":"https:\/\/www.timaniglutenfree.com\/fr\/wp-json\/wp\/v2\/pages\/240","targetHints":{"allow":["GET"]}}],"collection":[{"href":"https:\/\/www.timaniglutenfree.com\/fr\/wp-json\/wp\/v2\/pages"}],"about":[{"href":"https:\/\/www.timaniglutenfree.com\/fr\/wp-json\/wp\/v2\/types\/page"}],"author":[{"embeddable":true,"href":"https:\/\/www.timaniglutenfree.com\/fr\/wp-json\/wp\/v2\/users\/3"}],"replies":[{"embeddable":true,"href":"https:\/\/www.timaniglutenfree.com\/fr\/wp-json\/wp\/v2\/comments?post=240"}],"version-history":[{"count":0,"href":"https:\/\/www.timaniglutenfree.com\/fr\/wp-json\/wp\/v2\/pages\/240\/revisions"}],"wp:attachment":[{"href":"https:\/\/www.timaniglutenfree.com\/fr\/wp-json\/wp\/v2\/media?parent=240"}],"curies":[{"name":"wp","href":"https:\/\/api.w.org\/{rel}","templated":true}]}}