{"id":229,"date":"2018-11-07T17:05:25","date_gmt":"2018-11-07T21:05:25","guid":{"rendered":"https:\/\/www.timaniglutenfree.com\/notre-histoire"},"modified":"2018-11-07T17:44:56","modified_gmt":"2018-11-07T21:44:56","slug":"notre-histoire","status":"publish","type":"page","link":"https:\/\/www.timaniglutenfree.com\/fr\/notre-histoire","title":{"rendered":"NOTRE HISTOIRE"},"content":{"rendered":"<p>[vc_row css_animation=\u00a0\u00bb\u00a0\u00bb row_type=\u00a0\u00bbrow\u00a0\u00bb use_row_as_full_screen_section=\u00a0\u00bbno\u00a0\u00bb type=\u00a0\u00bbgrid\u00a0\u00bb angled_section=\u00a0\u00bbno\u00a0\u00bb text_align=\u00a0\u00bbleft\u00a0\u00bb background_image_as_pattern=\u00a0\u00bbwithout_pattern\u00a0\u00bb z_index=\u00a0\u00bb\u00a0\u00bb][vc_column][qode_elements_holder number_of_columns=\u00a0\u00bbtwo_columns\u00a0\u00bb][qode_elements_holder_item item_padding=\u00a0\u00bb3%\u00a0\u00bb advanced_animations=\u00a0\u00bbno\u00a0\u00bb][vc_single_image image=\u00a0\u00bb48&Prime; img_size=\u00a0\u00bbfull\u00a0\u00bb qode_css_animation=\u00a0\u00bb\u00a0\u00bb][\/qode_elements_holder_item][qode_elements_holder_item item_padding=\u00a0\u00bb3%\u00a0\u00bb advanced_animations=\u00a0\u00bbno\u00a0\u00bb][vc_separator type=\u00a0\u00bbnormal\u00a0\u00bb color=\u00a0\u00bb#3d5b58&Prime; thickness=\u00a0\u00bb2&Prime;][vc_column_text]<\/p>\n<h2 style=\"text-align: center;\">\u00c0 propos de nous<\/h2>\n<p>[\/vc_column_text][vc_separator type=\u00a0\u00bbnormal\u00a0\u00bb color=\u00a0\u00bb#3d5b58&Prime; thickness=\u00a0\u00bb2&Prime;][vc_column_text css=\u00a0\u00bb.vc_custom_1541624348301{padding-top: 3% !important;}\u00a0\u00bb]<\/p>\n<p><span style=\"font-weight: 400;\">Timani Sans Gluten est n\u00e9e de la passion du bon pain. L\u2019entreprise Fancy Pokket Bakery, qui se trouve \u00e0 Moncton, dans la province canadienne du Nouveau-Brunswick, fabrique depuis 30 ans des produits de boulangerie de qualit\u00e9. Conscients que les personnes ne pouvant pas consommer de pain avec gluten sacrifiaient \u00e0 la fois le go\u00fbt et la qualit\u00e9, nous avons voulu changer les choses. Apr\u00e8s des ann\u00e9es de travail et de d\u00e9vouement, nous avons ma\u00eetris\u00e9 l\u2019art de fabriquer du pain et divers produits de boulangerie sans gluten qui sont remplis de saveurs et que toute la famille adorera.<\/span><\/p>\n<p>[\/vc_column_text][\/qode_elements_holder_item][\/qode_elements_holder][\/vc_column][\/vc_row]<\/p>\n","protected":false},"excerpt":{"rendered":"<p>[vc_row css_animation=\u00a0\u00bb\u00a0\u00bb row_type=\u00a0\u00bbrow\u00a0\u00bb use_row_as_full_screen_section=\u00a0\u00bbno\u00a0\u00bb type=\u00a0\u00bbgrid\u00a0\u00bb angled_section=\u00a0\u00bbno\u00a0\u00bb text_align=\u00a0\u00bbleft\u00a0\u00bb background_image_as_pattern=\u00a0\u00bbwithout_pattern\u00a0\u00bb z_index=\u00a0\u00bb\u00a0\u00bb][vc_column][qode_elements_holder number_of_columns=\u00a0\u00bbtwo_columns\u00a0\u00bb][qode_elements_holder_item item_padding=\u00a0\u00bb3%\u00a0\u00bb advanced_animations=\u00a0\u00bbno\u00a0\u00bb][vc_single_image image=\u00a0\u00bb48&Prime; img_size=\u00a0\u00bbfull\u00a0\u00bb qode_css_animation=\u00a0\u00bb\u00a0\u00bb][\/qode_elements_holder_item][qode_elements_holder_item item_padding=\u00a0\u00bb3%\u00a0\u00bb advanced_animations=\u00a0\u00bbno\u00a0\u00bb][vc_separator type=\u00a0\u00bbnormal\u00a0\u00bb color=\u00a0\u00bb#3d5b58&Prime; thickness=\u00a0\u00bb2&Prime;][vc_column_text] \u00c0 propos de nous [\/vc_column_text][vc_separator type=\u00a0\u00bbnormal\u00a0\u00bb color=\u00a0\u00bb#3d5b58&Prime; thickness=\u00a0\u00bb2&Prime;][vc_column_text css=\u00a0\u00bb.vc_custom_1541624348301{padding-top: 3% !important;}\u00a0\u00bb] Timani Sans Gluten est n\u00e9e de la passion du bon pain. L\u2019entreprise Fancy Pokket&#8230;<\/p>\n","protected":false},"author":3,"featured_media":0,"parent":0,"menu_order":0,"comment_status":"closed","ping_status":"closed","template":"full_width.php","meta":{"footnotes":""},"class_list":["post-229","page","type-page","status-publish","hentry"],"_links":{"self":[{"href":"https:\/\/www.timaniglutenfree.com\/fr\/wp-json\/wp\/v2\/pages\/229","targetHints":{"allow":["GET"]}}],"collection":[{"href":"https:\/\/www.timaniglutenfree.com\/fr\/wp-json\/wp\/v2\/pages"}],"about":[{"href":"https:\/\/www.timaniglutenfree.com\/fr\/wp-json\/wp\/v2\/types\/page"}],"author":[{"embeddable":true,"href":"https:\/\/www.timaniglutenfree.com\/fr\/wp-json\/wp\/v2\/users\/3"}],"replies":[{"embeddable":true,"href":"https:\/\/www.timaniglutenfree.com\/fr\/wp-json\/wp\/v2\/comments?post=229"}],"version-history":[{"count":0,"href":"https:\/\/www.timaniglutenfree.com\/fr\/wp-json\/wp\/v2\/pages\/229\/revisions"}],"wp:attachment":[{"href":"https:\/\/www.timaniglutenfree.com\/fr\/wp-json\/wp\/v2\/media?parent=229"}],"curies":[{"name":"wp","href":"https:\/\/api.w.org\/{rel}","templated":true}]}}